{"id":219,"date":"2024-10-16T16:04:07","date_gmt":"2024-10-16T14:04:07","guid":{"rendered":"https:\/\/www.jobandenjoy.com\/?page_id=219"},"modified":"2024-10-16T16:13:48","modified_gmt":"2024-10-16T14:13:48","slug":"aviso-legal","status":"publish","type":"page","link":"https:\/\/www.jobandenjoy.com\/en\/aviso-legal\/","title":{"rendered":"Aviso Legal"},"content":{"rendered":"<p>En cumplimiento con lo establecido en la Ley 34\/2002, de 11 de julio, de Servicios de la Sociedad de la Informaci\u00f3n y del Comercio Electr\u00f3nico (LSSICE), se informa de los siguientes datos legales:<\/p>\n<h4><strong>Datos del Propietario del Sitio Web:<\/strong><\/h4>\n<ul>\n<li><strong>Holder<\/strong>: We Do Eventos SL<\/li>\n<li><strong>VAT ID<\/strong>: B98838592<\/li>\n<li><strong>Registered Office<\/strong>Cam\u00ed Fondo de la marquesa 1. Partida Pouacho 33, 46113, Valencia, Spain<\/li>\n<li><strong>E-mail address<\/strong>: info@jobandenjoy.com<\/li>\n<\/ul>\n<h4><strong>Condiciones de Uso<\/strong><\/h4>\n<p>El acceso y uso del sitio web <strong>Job and Enjoy<\/strong> atribuye la condici\u00f3n de usuario, e implica la aceptaci\u00f3n plena y sin reservas de todas las disposiciones incluidas en este Aviso Legal. El usuario se compromete a hacer un uso adecuado del sitio web y de sus contenidos, conforme a la ley, la moral, el orden p\u00fablico y este Aviso Legal.<\/p>\n<p>El usuario se obliga a no realizar actividades il\u00edcitas, ilegales o contrarias a la buena fe y al orden p\u00fablico, ni provocar da\u00f1os en los sistemas f\u00edsicos y l\u00f3gicos de <strong>We Do Events SL<\/strong>, de sus proveedores o de terceras personas.<\/p>\n<h4><strong>Propiedad Intelectual e Industrial<\/strong><\/h4>\n<p>Los contenidos del sitio web, incluyendo a t\u00edtulo enunciativo pero no limitativo, im\u00e1genes, gr\u00e1ficos, textos, logos, iconos, y software, son propiedad de <strong>We Do Events SL<\/strong> o, en su caso, de terceros que han autorizado su uso, y est\u00e1n protegidos por los derechos de propiedad intelectual e industrial reconocidos por la legislaci\u00f3n vigente.<\/p>\n<p>Queda prohibida su reproducci\u00f3n, distribuci\u00f3n, comunicaci\u00f3n p\u00fablica, transformaci\u00f3n o cualquier otra forma de explotaci\u00f3n, sin la autorizaci\u00f3n expresa del titular de los derechos.<\/p>\n<h4><strong>Responsabilidad<\/strong><\/h4>\n<p><strong>We Do Events SL<\/strong> no se responsabiliza de los posibles errores de seguridad que se puedan producir ni de los da\u00f1os que puedan causarse en el sistema inform\u00e1tico del usuario como consecuencia de la presencia de virus o cualquier otro tipo de ataque inform\u00e1tico.<\/p>\n<p>Asimismo, no se garantiza la disponibilidad, continuidad o infalibilidad del funcionamiento del sitio web, por lo que no se responsabiliza de los da\u00f1os y perjuicios que puedan derivarse de su mal funcionamiento.<\/p>\n<h4><strong>Enlaces Externos<\/strong><\/h4>\n<p>El sitio web puede contener enlaces a p\u00e1ginas web de terceros. <strong>We Do Events SL<\/strong> no se responsabiliza del contenido, pol\u00edticas de privacidad o pr\u00e1cticas de dichos sitios externos. El acceso a estas p\u00e1ginas web externas ser\u00e1 bajo la exclusiva responsabilidad del usuario.<\/p>\n<h4><strong>Modificaciones<\/strong><\/h4>\n<p><strong>We Do Events SL<\/strong> se reserva el derecho a modificar o actualizar, en cualquier momento y sin previo aviso, los contenidos y el dise\u00f1o del sitio web, as\u00ed como las condiciones del presente Aviso Legal.<\/p>\n<h4><strong>Ley Aplicable y Jurisdicci\u00f3n<\/strong><\/h4>\n<p>La relaci\u00f3n entre <strong>We Do Events SL<\/strong> y el usuario se regir\u00e1 por la legislaci\u00f3n espa\u00f1ola vigente. Para la resoluci\u00f3n de cualquier conflicto o disputa que pudiera derivarse del acceso o uso del sitio web, las partes se someten expresamente a los Juzgados y Tribunales de Valencia, renunciando a cualquier otro fuero que pudiera corresponderles.<\/p>","protected":false},"excerpt":{"rendered":"<p>En cumplimiento con lo establecido en la Ley 34\/2002, de 11 de julio, de Servicios de la Sociedad de la Informaci\u00f3n y del Comercio Electr\u00f3nico (LSSICE), se informa de los siguientes datos legales: Datos del Propietario del Sitio Web: Titular: We Do Eventos SL CIF: B98838592 Domicilio Social: Cam\u00ed Fondo de la marquesa 1. Partida [&hellip;]<\/p>","protected":false},"author":1,"featured_media":0,"parent":0,"menu_order":0,"comment_status":"closed","ping_status":"closed","template":"","meta":{"rank_math_lock_modified_date":false,"footnotes":""},"class_list":["post-219","page","type-page","status-publish","hentry"],"_links":{"self":[{"href":"https:\/\/www.jobandenjoy.com\/en\/wp-json\/wp\/v2\/pages\/219","targetHints":{"allow":["GET"]}}],"collection":[{"href":"https:\/\/www.jobandenjoy.com\/en\/wp-json\/wp\/v2\/pages"}],"about":[{"href":"https:\/\/www.jobandenjoy.com\/en\/wp-json\/wp\/v2\/types\/page"}],"author":[{"embeddable":true,"href":"https:\/\/www.jobandenjoy.com\/en\/wp-json\/wp\/v2\/users\/1"}],"replies":[{"embeddable":true,"href":"https:\/\/www.jobandenjoy.com\/en\/wp-json\/wp\/v2\/comments?post=219"}],"version-history":[{"count":2,"href":"https:\/\/www.jobandenjoy.com\/en\/wp-json\/wp\/v2\/pages\/219\/revisions"}],"predecessor-version":[{"id":226,"href":"https:\/\/www.jobandenjoy.com\/en\/wp-json\/wp\/v2\/pages\/219\/revisions\/226"}],"wp:attachment":[{"href":"https:\/\/www.jobandenjoy.com\/en\/wp-json\/wp\/v2\/media?parent=219"}],"curies":[{"name":"wp","href":"https:\/\/api.w.org\/{rel}","templated":true}]}}